{"id":13531,"date":"2020-05-25T13:19:44","date_gmt":"2020-05-25T11:19:45","guid":{"rendered":"https:\/\/www.naegelsfoerst.de\/?post_type=product&#038;p=13531"},"modified":"2020-08-06T15:12:23","modified_gmt":"2020-08-06T13:12:23","slug":"quantum-rot-weiss","status":"publish","type":"product","link":"https:\/\/www.naegelsfoerst.de\/en\/product\/quantum-rot-weiss\/","title":{"rendered":"Quantum red white"},"content":{"rendered":"<h2> 6 bottles of Quantum for \u20ac 50.00 instead of \u20ac 59.40 &#8211; you save 10%! <\/h2>\n<p> Three bottles of our Quantum red and three bottles of our Quantum white are expected in this package. <\/p>\n<p> This Quantum red \/ white package offer only applies to the first 50 orders. <\/p>\n<p> * = The price includes VAT, plus shipping. <\/p>\n<hr \/>\n<h2> 3 x quantum red <\/h2>\n<p> 2017 Ortenau, Cuv\u00e9e red <br \/>\ndry, 0.75l <br \/>\n<a href=\"https:\/\/www.naegelsfoerst.de\/product\/quantum-rot\/\" target=\"_blank\" rel=\"noopener noreferrer\"> show product description <\/a> <\/p>\n<h2> 3 x quantum white <\/h2>\n<p> 2018 Ortenau, cuv\u00e9e white <br \/>\ndry, 0.75l <br \/>\n<a href=\"https:\/\/www.naegelsfoerst.de\/product\/quantum-weiss\/\" target=\"_blank\" rel=\"noopener noreferrer\"> Show product description <\/a> <\/p>\n<p> Our wines contain sulfites. <\/p>\n","protected":false},"excerpt":{"rendered":"<p>3 Bottles Quantum red &amp; 3 Bottles Quantum white for\u00a050,00 \u20ac<br \/>instead of 59,40 \u20ac<\/p>\n","protected":false},"author":4,"featured_media":13724,"template":"","meta":{"advgb_blocks_editor_width":"","advgb_blocks_columns_visual_guide":""},"product_brand":[],"product_cat":[728],"product_tag":[],"class_list":{"0":"post-13531","1":"product","2":"type-product","3":"status-publish","4":"has-post-thumbnail","6":"product_cat-kombipack","7":"post","8":"with-featured-image","10":"first","11":"outofstock","12":"taxable","13":"shipping-taxable","14":"purchasable","15":"product-type-simple"},"bundle_layout":"","bundled_by":[],"bundled_items":[],"featured_img":"https:\/\/www.naegelsfoerst.de\/wp-content\/uploads\/2020\/05\/kombipaket_quantum_20200707_k.png","coauthors":[],"author_meta":{"author_link":"https:\/\/www.naegelsfoerst.de\/en\/author\/sts\/","display_name":"Stefanie Schischek"},"relative_dates":{"created":"Posted 6 years ago","modified":"Updated 6 years ago"},"absolute_dates":{"created":"Posted on 25. May 2020","modified":"Updated on 6. August 2020"},"absolute_dates_time":{"created":"Posted on 25. May 2020 13:19","modified":"Updated on 6. August 2020 15:12"},"featured_img_caption":"","tax_additional":{"product_brand":{"linked":[],"unlinked":[],"slug":"product_brand","name":"Brands"},"product_type":{"linked":["<a href=\"https:\/\/www.naegelsfoerst.de\/en\/?taxonomy=product_type&#038;term=simple\" class=\"advgb-post-tax-term\">simple<\/a>"],"unlinked":["<span class=\"advgb-post-tax-term\">simple<\/span>"],"slug":"product_type","name":"Product type"},"product_visibility":{"linked":["<a href=\"https:\/\/www.naegelsfoerst.de\/?taxonomy=product_visibility&#038;term=exclude-from-search\" class=\"advgb-post-tax-term\">exclude-from-search<\/a>","<a href=\"https:\/\/www.naegelsfoerst.de\/?taxonomy=product_visibility&#038;term=exclude-from-catalog\" class=\"advgb-post-tax-term\">exclude-from-catalog<\/a>","<a href=\"https:\/\/www.naegelsfoerst.de\/?taxonomy=product_visibility&#038;term=outofstock\" class=\"advgb-post-tax-term\">outofstock<\/a>"],"unlinked":["<span class=\"advgb-post-tax-term\">exclude-from-search<\/span>","<span class=\"advgb-post-tax-term\">exclude-from-catalog<\/span>","<span class=\"advgb-post-tax-term\">outofstock<\/span>"],"slug":"product_visibility","name":"Product visibility"},"product_cat":{"linked":["<a href=\"https:\/\/www.naegelsfoerst.de\/en\/product-category\/kombipack\/\" class=\"advgb-post-tax-term\">Kombipack<\/a>"],"unlinked":["<span class=\"advgb-post-tax-term\">Kombipack<\/span>"],"slug":"product_cat","name":"Product categories"},"product_tag":{"linked":[],"unlinked":[],"slug":"product_tag","name":"Product tags"},"product_shipping_class":{"linked":[],"unlinked":[],"slug":"product_shipping_class","name":"Product shipping classes"},"pos_product_visibility":{"linked":[],"unlinked":[],"slug":"pos_product_visibility","name":"POS Product visibility"},"pa_a-p-nr":{"linked":[],"unlinked":[],"slug":"pa_a-p-nr","name":"Product A.P.Nr."},"pa_alkoholgehalt":{"linked":[],"unlinked":[],"slug":"pa_alkoholgehalt","name":"Product Alkoholgehalt"},"pa_analysedaten":{"linked":[],"unlinked":[],"slug":"pa_analysedaten","name":"Product Analysedaten"},"pa_anbaugebiet":{"linked":[],"unlinked":[],"slug":"pa_anbaugebiet","name":"Product Anbaugebiet"},"pa_bezeichnung":{"linked":[],"unlinked":[],"slug":"pa_bezeichnung","name":"Product Bezeichnung"},"pa_brand":{"linked":[],"unlinked":[],"slug":"pa_brand","name":"Product Marke"},"pa_deutscher-qualiaetswein":{"linked":[],"unlinked":[],"slug":"pa_deutscher-qualiaetswein","name":"Product Deutscher Quali\u00e4tswein"},"pa_elegant-zu":{"linked":[],"unlinked":[],"slug":"pa_elegant-zu","name":"Product ELEGANT ZU"},"pa_enthaelt-sulfite":{"linked":[],"unlinked":[],"slug":"pa_enthaelt-sulfite","name":"Product Enth\u00e4lt Sulfite"},"pa_erlebnis":{"linked":[],"unlinked":[],"slug":"pa_erlebnis","name":"Product ERLEBNIS"},"pa_ertraege":{"linked":[],"unlinked":[],"slug":"pa_ertraege","name":"Product Ertr\u00e4ge"},"pa_flaschengroesse":{"linked":[],"unlinked":[],"slug":"pa_flaschengroesse","name":"Product Flaschengr\u00f6\u00dfe"},"pa_geschmack":{"linked":[],"unlinked":[],"slug":"pa_geschmack","name":"Product Geschmack"},"pa_gtin":{"linked":[],"unlinked":[],"slug":"pa_gtin","name":"Product GTIN"},"pa_gutsabfuellung":{"linked":[],"unlinked":[],"slug":"pa_gutsabfuellung","name":"Product Gutsabf\u00fcllung"},"pa_herkunft":{"linked":[],"unlinked":[],"slug":"pa_herkunft","name":"Product Herkunft"},"pa_link-zum-produkt-pdf":{"linked":[],"unlinked":[],"slug":"pa_link-zum-produkt-pdf","name":"Product Link zum Produkt-PDF"},"pa_masseinheit":{"linked":[],"unlinked":[],"slug":"pa_masseinheit","name":"Product Ma\u00dfeinheit"},"pa_mpn":{"linked":[],"unlinked":[],"slug":"pa_mpn","name":"Product MPN"},"pa_naehrwertangaben":{"linked":[],"unlinked":[],"slug":"pa_naehrwertangaben","name":"Product N\u00e4hrwertangaben"},"pa_preisklasse":{"linked":[],"unlinked":[],"slug":"pa_preisklasse","name":"Product Preisklasse"},"pa_rebsorte":{"linked":[],"unlinked":[],"slug":"pa_rebsorte","name":"Product Rebsorte"},"pa_slogan":{"linked":[],"unlinked":[],"slug":"pa_slogan","name":"Product Slogan"},"pa_trinktemperatur":{"linked":[],"unlinked":[],"slug":"pa_trinktemperatur","name":"Product Trinktemperatur"},"pa_weinausbau":{"linked":[],"unlinked":[],"slug":"pa_weinausbau","name":"Product Weinausbau"},"pa_weinberg":{"linked":[],"unlinked":[],"slug":"pa_weinberg","name":"Product Weinberg"},"pa_weinsorte":{"linked":[],"unlinked":[],"slug":"pa_weinsorte","name":"Product Weinsorte"},"pa_zutaten":{"linked":[],"unlinked":[],"slug":"pa_zutaten","name":"Product Zutaten"},"translation_priority":{"linked":["<a href=\"https:\/\/www.naegelsfoerst.de\/en\/?taxonomy=translation_priority&#038;term=optional-en-45\" class=\"advgb-post-tax-term\">Optional<\/a>"],"unlinked":["<span class=\"advgb-post-tax-term\">Optional<\/span>"],"slug":"translation_priority","name":"Translation Priorities"},"product_delivery_time":{"linked":[],"unlinked":[],"slug":"product_delivery_time","name":"Product Delivery Times"},"product_unit":{"linked":[],"unlinked":[],"slug":"product_unit","name":"Units"},"product_manufacturer":{"linked":[],"unlinked":[],"slug":"product_manufacturer","name":"Manufacturers"},"product_price_label":{"linked":[],"unlinked":[],"slug":"product_price_label","name":"Price Labels"},"product_deposit_type":{"linked":[],"unlinked":[],"slug":"product_deposit_type","name":"Product Deposit Types"},"product_nutrient":{"linked":[],"unlinked":[],"slug":"product_nutrient","name":"Product Nutrients"},"product_allergen":{"linked":[],"unlinked":[],"slug":"product_allergen","name":"Product Allergenic"}},"series_order":"","_links":{"self":[{"href":"https:\/\/www.naegelsfoerst.de\/en\/wp-json\/wp\/v2\/product\/13531","targetHints":{"allow":["GET"]}}],"collection":[{"href":"https:\/\/www.naegelsfoerst.de\/en\/wp-json\/wp\/v2\/product"}],"about":[{"href":"https:\/\/www.naegelsfoerst.de\/en\/wp-json\/wp\/v2\/types\/product"}],"wp:featuredmedia":[{"embeddable":true,"href":"https:\/\/www.naegelsfoerst.de\/en\/wp-json\/wp\/v2\/media\/13724"}],"wp:attachment":[{"href":"https:\/\/www.naegelsfoerst.de\/en\/wp-json\/wp\/v2\/media?parent=13531"}],"wp:term":[{"taxonomy":"product_brand","embeddable":true,"href":"https:\/\/www.naegelsfoerst.de\/en\/wp-json\/wp\/v2\/product_brand?post=13531"},{"taxonomy":"product_cat","embeddable":true,"href":"https:\/\/www.naegelsfoerst.de\/en\/wp-json\/wp\/v2\/product_cat?post=13531"},{"taxonomy":"product_tag","embeddable":true,"href":"https:\/\/www.naegelsfoerst.de\/en\/wp-json\/wp\/v2\/product_tag?post=13531"}],"curies":[{"name":"wp","href":"https:\/\/api.w.org\/{rel}","templated":true}]}}